{"id":6966,"date":"2016-10-08T15:59:19","date_gmt":"2016-10-08T13:59:19","guid":{"rendered":"https:\/\/jdts.cz\/home\/"},"modified":"2025-02-23T15:12:56","modified_gmt":"2025-02-23T14:12:56","slug":"home","status":"publish","type":"page","link":"https:\/\/jdts.cz\/de\/","title":{"rendered":"Home"},"content":{"rendered":"\n\n\t<h1><!--\n\t--><!--\t--><!--\n\t-->\n\t<\/h1>\n\t\n<div class=\"wpml-ls-statics-footer wpml-ls wpml-ls-legacy-list-horizontal\">\n\t<ul><li class=\"wpml-ls-slot-footer wpml-ls-item wpml-ls-item-cs wpml-ls-first-item wpml-ls-item-legacy-list-horizontal\">\n\t\t\t\t<a href=\"http:\/\/jdts.cz\/\" class=\"wpml-ls-link\">\n                                                        <img decoding=\"async\"\n            class=\"wpml-ls-flag\"\n            src=\"https:\/\/jdts.cz\/assets\/plugins\/sitepress-multilingual-cms\/res\/flags\/cs.png\"\n            alt=\"\"\n            width=18\n            height=12\n    \/><span class=\"wpml-ls-native\" lang=\"cs\">\u010ce\u0161tina<\/span><\/a>\n\t\t\t<\/li><li class=\"wpml-ls-slot-footer wpml-ls-item wpml-ls-item-de wpml-ls-current-language wpml-ls-last-item wpml-ls-item-legacy-list-horizontal\">\n\t\t\t\t<a href=\"http:\/\/jdts.cz\/de\/\" class=\"wpml-ls-link\">\n                                                        <img decoding=\"async\"\n            class=\"wpml-ls-flag\"\n            src=\"https:\/\/jdts.cz\/assets\/plugins\/sitepress-multilingual-cms\/res\/flags\/de.png\"\n            alt=\"\"\n            width=18\n            height=12\n    \/><span class=\"wpml-ls-native\">Deutsch<\/span><\/a>\n\t\t\t<\/li><\/ul>\n<\/div>\n\n\t\t\t\t<img decoding=\"async\" src=\"https:\/\/jdts.cz\/assets\/uploads\/sites\/943\/bb-plugin\/cache\/led-circle.png\" alt=\"LED osvetleni\" title=\"LED osvetleni\" \/>\n\t\t\t\t \n\t\t<h2>JD Technischer Service s.r.o.<\/h2>\nWir besch\u00e4ftigen uns mit  Installationen von Photovoltaikanlagen, mit Elektroinstallationen von sowohl Starkstrom, als auch Schwachstromverteilungen und Anlagen, mit kompletten Rekonstruktionen von Elektroinstallationen der Geb\u00e4ude, Industriehallen und deren Austausch gegen LED-Beleuchtung.\t\t\t\t\t\n\t<h3>\n\t\t\t\tPHOTOVOLTAIKANLAGEN\n\t\t\t<\/h3>\n\t<h3>\n\t\t\t\tLED-BELEUCHTUNG\n\t\t\t<\/h3>\n\t<h3>\n\t\t\t\tVIDEOSYSTEME\n\t\t\t<\/h3>\n\t<h3>\n\t\t\t\tELEKTRO &#8211; SCHWACHSTROM\n\t\t\t<\/h3>\n\t<h3>\n\t\t\t\tELEKTRO &#8211; STARKSTROM \n\t\t\t<\/h3>\n\t<h3>\n\t\t\t\tEMA\n\t\t\t<\/h3>\n\t<h3>\n\t\t\t\tKASSENSYSTEME\n\t\t\t<\/h3>\n\t<h3>\n\t\t\t\tZUGANGSSYSTEME\n\t\t\t<\/h3>\n\t<h3>\n\t\t\t\tSTRUKTURNETZE\n\t\t\t<\/h3>\n\t<h3>\n\t\t\t\tINDUSTRIEBELEUCHTUNG\n\t\t\t<\/h3>\n\t<h3>\n\t\t\t\tBRANDMELDEANLAGEN\n\t\t\t<\/h3>\n\t<h3>\n\t\t\t\tDATENNETZE INKL. NETZWERKCHR\u00c4NKE\n\t\t\t<\/h3>\n<h3>\n\t\tDas alles f\u00fchren wir sowohl in der ganzen Tschechischen Republik, als auch in Deutschland aus.\n\t<\/h3>\n<h3>\n\t\tREFERENZEN\n\t<\/h3>\n\t<p><strong>Elektroinstallationen in Industrie und Gesch\u00e4ftsr\u00e4umen in Deutschland im Jahr 2021:<\/strong><\/p>\n\t<p><strong>Allstedt, Anklam, Bad Friedrichshall, Bad Lauchst\u00e4dt, Bad Neunahr, Bergen, Berlin, Bernburg, Brandenburg, Braunschweig, Bremen, Burgdorf, Cottbus, Dortmund, Dresden, Duisburg, Eisenach, Erlangen, Essen, Ettenheim, Flensburg, Freital, Frisoythe, F\u00fcrstenberg, F\u00fcrth, Gardelegen, Geislingen, Gera, Germersheim, Gesinger, G\u00f6rlitz, Gottmadingen, Gr\u00e4fenhainichen, Gro\u00df-Gerau, G\u00fcstrow, Hagen, Halle, Hallstadt, Hockenheim, Hoyerswerda, H\u00fcffingen, Chemnitz, Jena, Kaiserslautern, Kassel, Kaufbeuren, Kemnath, Kenzingen, Kiel, Kolbermoor, Kulmbach, Landau an der Isar, Landau in der Pfalz, Landshut, Landstuhl, Lauchhammer, Leinefelde, Lemgo, Leuna, Leverkusen, Luckenwalde, Ludwigshafen, Magdeburg, Manheim, Markt Indersdorf, Marktoberorf, Meldorf, Meuselwitz, M\u00f6nchengladbach, Moosburg, M\u00fclhausen, M\u00fcnchen, Neubrandenburg, Neuburg a. d. Donau, Neunkirchen am Sand, Neustadt, Northeim, N\u00fcrnberg, Oberschlei\u00dfheim, Oberzent, Ostfildern, Pfungstadt, Plauen, Plochingen, Prien, Pulheim, Pulsnitz, P\u00fcttlingen, Rodgau, Rosbach, Saalfeld, Sarbr\u00fccken, Sallefeld, Sangerhausen, Schwelm, Schwerin, Sonnenberg, Stockach, Stralsund, Strausberg, Stuttgart, S\u00fcderbrarup, Teterow, Tostedt, Treffurt, Wandlitz, Weil am Rhein, Weilheim, Werningerode, Wiesbaden, Wolnzach, Zerbst.<\/strong><\/p>\n\t<p><strong>Elektroinstallationen in Industrie und Gesch\u00e4ftsr\u00e4umen in Deutschland im Jahr 2020:<\/strong><\/p>\n\t<p><strong>Aalen, Albstadt, Aldersbach, Altentreptow, Bad Abling, Bad D\u00fcrkheim, Bad Kreuznach, Bad Sachsa, Bad Sch\u00f6nborn, Bad Schwartau, Bad T\u00f6lz, Beeskow, Berlin, Bogen, Buchloe, Burgst\u00e4dt, Butzbach, Cottbus, Dieburg, Dilingen, Dresden, D\u00fcren, Eisenh\u00fcttenstadt, Eschwege, Falkenstein, Fl\u00f6rsheim am Main, Frankenberg, Frankfurt, Freidberg, Friedrichsdorf, Goldbach, Grafenw\u00f6hr, Grevenbroich, Gr\u00fcnstadt, Hagenow, Halle, Hamburg, Harzgerode, Heidelberg, Herrenberg, Herrieden, Herzberg, Hof, Hochheim am Main, Ingolstadt, Jena, Kamen, Kiel, Kirchdorf, K\u00f6nigsbrunn, K\u00f6nnern, Leipzig, L\u00fcbben, Ludwigshafen, Lutherstadt Eisleben, Lutherstadt Wittenberg, Mainleus, Marienberg, Marktrodach, Meiningen, Meinz, M\u00f6rfelden-Walldorf, M\u00fcnchberg, N\u00fcrnberg, Oberhausen, Oberstein, Olching, Olpe, Osterode am Harz, Passau, Pfullingen, Pirna, Polch, Rathalm\u00fcnster, Rattingen, Rendsburg, Reutlingen, Rheinau, R\u00f6dental, Rostock, Saarbr\u00fccken, Schmallenberg, Schrobenhausen, Schwalbach, Schwalmstadt, Soest, Solingen, S\u00f6mmerda, Sonthofen, Stadbergen, Straubing, Stuttgart, Tarp, Taufkirchen, Uelzen, Vacha, Wadern, Waldkraiburg, Waldsassen, Weil am Rhein, Weingarten, Wendelstein, Wiesloch, Wirges, Wolfenb\u00fcttel, Zwiesel.<\/strong><\/p>\n\t<p><strong>Elektroinstallationen in Industrie und Gesch\u00e4ftsr\u00e4umen in Deutschland im Jahr 2019:<\/strong><\/p>\n\t<p><strong>Aalen, Alsdorf, Altenkirchen, Alt\u00f6tting, Angerm\u00fcnde, Augsburg, Bad Berleburg, Bad D\u00fcrrheim, Bad Frankenhausen, Bad Hersfeld, Bad K\u00f6nigshofen, Bad Kreuznach, Bad Neustadt, Bad Vilbel, Barssel, Bautzen, Blaubeuren, Bonn, Brandenburg, Bremen, Burglengenfeld, Calw, Dachau, D\u00f6bern, Donauw\u00f6rth, Dortmund, Dresden, Eichenzell, Emmelshausen, Ennigerloh, Erding, Erfurt, Erkelenz, Erkrath, Erlangen, Eschborn, Essen, Frankfurt, Freisig, Freyung, Friedrichsdorf, Frontenhausen, F\u00fcrth, Garmisch-Partenkirchen, Gerstetten, Gevelsberg, Gommern, G\u00f6pplingen, Graben-Neudorf, Hameln, Hassloch, Hausenstamm, Heidenau, Hildesheim, Himmelkron, Hohenm\u00f6lsen, Holzwickede, Ilshofen, Ingolstadt, Jettingen, Jettingen-Scheppach, Kelheim, K\u00f6ln, K\u00f6nigsbrunn, Krefeld, Kreuztal, Kuchen, Lorch, Losheim am See, Ludwigsburg, Mainhardt, Mallersdorf-Pfaffenberg, Mannheim, Meerane, Merseburg, Mettmann, Minden, Mittenwald, M\u00f6nchengladbach, M\u00fchlhausen, M\u00fclheim an der Ruhr, Munster, Murrhardt, Neckarsulm, Neukirchen am Sand, Neuruppin, N\u00fcrnberg, Pegnitz, Pei\u00dfenberg, Pfaffenhofen a. d. Ilm, Pfinztal, Postbauer-Heng, Pressath, Rathenow, Recklinghausen, Regensburg, Regenstauf, Remseck, Rheine, Riesa, Rimbach, Rostock, Saulheim, Seligenstadt, Schmalkalden, Schwabach, Schw\u00e4bisch Gm\u00fcnd, Schwabm\u00fcnchen, Schweinfurt, Siegen, Simbach am Inn, Solingen, Sonderhausen, Spaichingen, Stein, Tittling, T\u00f6ging am Inn, Traunstein, Trossingen, Trostberg, Upgant, Schott, Vetschau, Wegscheid, Weiden, Weidenberg, Weilerbach, Weiler-Simmerberg, Weissenburg in Bayern, Wendelstein, Wildau, W\u00fcrzburg, Wurzen, Wutha-Farnroda.<\/strong><\/p>\n\t<p><strong>Elektroinstallationen in Industrie und Gesch\u00e4ftsr\u00e4umen in Deutschland im Jahr 2018:<\/strong><\/p>\n\t<p><strong>Abstgm\u00fcnd, Adelsdorf, Augsburg, Bad Kreuznach, Bergkirchen, Berlin, Coburg, Coesfeld, Cuxhaven, Ebelsbach, Elze, Essen, Feucht, Frankfurt, Frankfurt am Main, Freising, G\u00f6ppingen, Grosskrotzenburg, Halle, Hamburg, Hannover, Hausham, Herford, Hessisch Lichtenau, H\u00f6xter, Karlsruhe, Kenzingen, Kitzingen, K\u00f6ln, Konstanz, Kulmbach, K\u00fcps, Leipzig, Ludeigshafen, Manheim, Minden, M\u00f6nchengladbach, Naila, Neustadt a.d. Waldnaab, Neustadt bei Coburg, N\u00fcrnberg, Oberkotzau, Osteebad Binz, Osterwieck, Passau, Pattensen, Puchheim, Recklinghausen, Regen, Sankt Augustin, Sassnitz, Senden, Schleswig, Schweinfurt, Spangenberg, Spremberg, Stuttgart, Viernheim, Witten.<\/strong><\/p>\n\t\t\t<a href=\"#HOME\" title=\"Hier klicken\" target=\"_self\" role=\"button\" aria-label=\"Schreiben Sie uns\">\n\t\t\t\t\t\t\tSchreiben Sie uns\n\t\t<\/a>\n\t<p>JD Technischer Service s.r.o.<\/p>\nBro\u017e\u00edkova 284\/8, Beroun-Z\u00e1vod\u00ed 266 01<br \/>\nTschechische Republik\n<p>www.jdts.cz\/de<\/p>\nI\u010cO: 06872794, DI\u010c: CZ06872794<br \/>\nSteuernummer 214\/173\/13157<br \/>\nDE317782538\n\t<p>Jakub Jurenka<\/p>\n+420 603 868 757<br \/>\nWhatsApp +420 603 868 757\n<p>Stanislav Dupa\u010d (dupatsch)<\/p>\n+420 603 204 497<br \/>\nWhatsApp +420 603 204 497\n\n\t<p>info@jdts.cz<\/p>\n\n","protected":false},"excerpt":{"rendered":"<p>JD Technischer Service s.r.o. Wir besch\u00e4ftigen uns mit Installationen von Photovoltaikanlagen, mit Elektroinstallationen von sowohl Starkstrom, als auch Schwachstromverteilungen und Anlagen, mit kompletten Rekonstruktionen von Elektroinstallationen der Geb\u00e4ude, Industriehallen und deren Austausch gegen LED-Beleuchtung. PHOTOVOLTAIKANLAGEN LED-BELEUCHTUNG VIDEOSYSTEME ELEKTRO &#8211; SCHWACHSTROM ELEKTRO &#8211; STARKSTROM EMA KASSENSYSTEME ZUGANGSSYSTEME STRUKTURNETZE INDUSTRIEBELEUCHTUNG BRANDMELDEANLAGEN DATENNETZE INKL. NETZWERKCHR\u00c4NKE Das alles f\u00fchren&hellip;<\/p>\n","protected":false},"author":82,"featured_media":0,"parent":0,"menu_order":0,"comment_status":"closed","ping_status":"closed","template":"","meta":{"footnotes":""},"class_list":["post-6966","page","type-page","status-publish","hentry"],"yoast_head":"<title>Home - Jdts<\/title>\n<meta name=\"robots\" content=\"index, follow, max-snippet:-1, max-image-preview:large, max-video-preview:-1\" \/>\n<link rel=\"canonical\" href=\"https:\/\/jdts.cz\/de\/\" \/>\n<meta property=\"og:locale\" content=\"de_DE\" \/>\n<meta property=\"og:type\" content=\"article\" \/>\n<meta property=\"og:title\" content=\"Home - Jdts\" \/>\n<meta property=\"og:description\" content=\"JD Technischer Service s.r.o. Wir besch\u00e4ftigen uns mit Installationen von Photovoltaikanlagen, mit Elektroinstallationen von sowohl Starkstrom, als auch Schwachstromverteilungen und Anlagen, mit kompletten Rekonstruktionen von Elektroinstallationen der Geb\u00e4ude, Industriehallen und deren Austausch gegen LED-Beleuchtung. PHOTOVOLTAIKANLAGEN LED-BELEUCHTUNG VIDEOSYSTEME ELEKTRO &#8211; SCHWACHSTROM ELEKTRO &#8211; STARKSTROM EMA KASSENSYSTEME ZUGANGSSYSTEME STRUKTURNETZE INDUSTRIEBELEUCHTUNG BRANDMELDEANLAGEN DATENNETZE INKL. NETZWERKCHR\u00c4NKE Das alles f\u00fchren&hellip;\" \/>\n<meta property=\"og:url\" content=\"https:\/\/jdts.cz\/de\/\" \/>\n<meta property=\"og:site_name\" content=\"Jdts\" \/>\n<meta property=\"article:modified_time\" content=\"2025-02-23T14:12:56+00:00\" \/>\n<meta property=\"og:image\" content=\"https:\/\/jdts.cz\/assets\/uploads\/sites\/943\/bb-plugin\/cache\/led-circle.png\" \/>\n<meta name=\"twitter:card\" content=\"summary_large_image\" \/>\n<meta name=\"twitter:label1\" content=\"Gesch\u00e4tzte Lesezeit\" \/>\n\t<meta name=\"twitter:data1\" content=\"4\u00a0Minuten\" \/>\n<script type=\"application\/ld+json\" class=\"yoast-schema-graph\">{\"@context\":\"https:\/\/schema.org\",\"@graph\":[{\"@type\":\"WebPage\",\"@id\":\"https:\/\/jdts.cz\/de\/\",\"url\":\"https:\/\/jdts.cz\/de\/\",\"name\":\"Home - Jdts\",\"isPartOf\":{\"@id\":\"https:\/\/jdts.cz\/#website\"},\"datePublished\":\"2016-10-08T13:59:19+00:00\",\"dateModified\":\"2025-02-23T14:12:56+00:00\",\"breadcrumb\":{\"@id\":\"https:\/\/jdts.cz\/de\/#breadcrumb\"},\"inLanguage\":\"de\",\"potentialAction\":[{\"@type\":\"ReadAction\",\"target\":[\"https:\/\/jdts.cz\/de\/\"]}]},{\"@type\":\"BreadcrumbList\",\"@id\":\"https:\/\/jdts.cz\/de\/#breadcrumb\",\"itemListElement\":[{\"@type\":\"ListItem\",\"position\":1,\"name\":\"Dom\u016f\",\"item\":\"https:\/\/jdts.cz\/de\/\"},{\"@type\":\"ListItem\",\"position\":2,\"name\":\"Home\"}]},{\"@type\":\"WebSite\",\"@id\":\"https:\/\/jdts.cz\/#website\",\"url\":\"https:\/\/jdts.cz\/\",\"name\":\"Jdts\",\"description\":\"Dal\u0161\u00ed nov\u00fd web v r\u00e1mci s\u00edt\u011b M\u016fj web online\",\"potentialAction\":[{\"@type\":\"SearchAction\",\"target\":{\"@type\":\"EntryPoint\",\"urlTemplate\":\"https:\/\/jdts.cz\/?s={search_term_string}\"},\"query-input\":\"required name=search_term_string\"}],\"inLanguage\":\"de\"}]}<\/script>","yoast_head_json":{"title":"Home - Jdts","robots":{"index":"index","follow":"follow","max-snippet":"max-snippet:-1","max-image-preview":"max-image-preview:large","max-video-preview":"max-video-preview:-1"},"canonical":"https:\/\/jdts.cz\/de\/","og_locale":"de_DE","og_type":"article","og_title":"Home - Jdts","og_description":"JD Technischer Service s.r.o. Wir besch\u00e4ftigen uns mit Installationen von Photovoltaikanlagen, mit Elektroinstallationen von sowohl Starkstrom, als auch Schwachstromverteilungen und Anlagen, mit kompletten Rekonstruktionen von Elektroinstallationen der Geb\u00e4ude, Industriehallen und deren Austausch gegen LED-Beleuchtung. PHOTOVOLTAIKANLAGEN LED-BELEUCHTUNG VIDEOSYSTEME ELEKTRO &#8211; SCHWACHSTROM ELEKTRO &#8211; STARKSTROM EMA KASSENSYSTEME ZUGANGSSYSTEME STRUKTURNETZE INDUSTRIEBELEUCHTUNG BRANDMELDEANLAGEN DATENNETZE INKL. NETZWERKCHR\u00c4NKE Das alles f\u00fchren&hellip;","og_url":"https:\/\/jdts.cz\/de\/","og_site_name":"Jdts","article_modified_time":"2025-02-23T14:12:56+00:00","og_image":[{"url":"https:\/\/jdts.cz\/assets\/uploads\/sites\/943\/bb-plugin\/cache\/led-circle.png"}],"twitter_card":"summary_large_image","twitter_misc":{"Gesch\u00e4tzte Lesezeit":"4\u00a0Minuten"},"schema":{"@context":"https:\/\/schema.org","@graph":[{"@type":"WebPage","@id":"https:\/\/jdts.cz\/de\/","url":"https:\/\/jdts.cz\/de\/","name":"Home - Jdts","isPartOf":{"@id":"https:\/\/jdts.cz\/#website"},"datePublished":"2016-10-08T13:59:19+00:00","dateModified":"2025-02-23T14:12:56+00:00","breadcrumb":{"@id":"https:\/\/jdts.cz\/de\/#breadcrumb"},"inLanguage":"de","potentialAction":[{"@type":"ReadAction","target":["https:\/\/jdts.cz\/de\/"]}]},{"@type":"BreadcrumbList","@id":"https:\/\/jdts.cz\/de\/#breadcrumb","itemListElement":[{"@type":"ListItem","position":1,"name":"Dom\u016f","item":"https:\/\/jdts.cz\/de\/"},{"@type":"ListItem","position":2,"name":"Home"}]},{"@type":"WebSite","@id":"https:\/\/jdts.cz\/#website","url":"https:\/\/jdts.cz\/","name":"Jdts","description":"Dal\u0161\u00ed nov\u00fd web v r\u00e1mci s\u00edt\u011b M\u016fj web online","potentialAction":[{"@type":"SearchAction","target":{"@type":"EntryPoint","urlTemplate":"https:\/\/jdts.cz\/?s={search_term_string}"},"query-input":"required name=search_term_string"}],"inLanguage":"de"}]}},"_links":{"self":[{"href":"https:\/\/jdts.cz\/de\/wp-json\/wp\/v2\/pages\/6966","targetHints":{"allow":["GET"]}}],"collection":[{"href":"https:\/\/jdts.cz\/de\/wp-json\/wp\/v2\/pages"}],"about":[{"href":"https:\/\/jdts.cz\/de\/wp-json\/wp\/v2\/types\/page"}],"author":[{"embeddable":true,"href":"https:\/\/jdts.cz\/de\/wp-json\/wp\/v2\/users\/82"}],"replies":[{"embeddable":true,"href":"https:\/\/jdts.cz\/de\/wp-json\/wp\/v2\/comments?post=6966"}],"version-history":[{"count":22,"href":"https:\/\/jdts.cz\/de\/wp-json\/wp\/v2\/pages\/6966\/revisions"}],"predecessor-version":[{"id":7129,"href":"https:\/\/jdts.cz\/de\/wp-json\/wp\/v2\/pages\/6966\/revisions\/7129"}],"wp:attachment":[{"href":"https:\/\/jdts.cz\/de\/wp-json\/wp\/v2\/media?parent=6966"}],"curies":[{"name":"wp","href":"https:\/\/api.w.org\/{rel}","templated":true}]}}